{"id":568,"date":"2025-09-17T13:54:19","date_gmt":"2025-09-17T13:54:19","guid":{"rendered":"https:\/\/itsmy.company\/?page_id=568"},"modified":"2025-10-22T12:45:22","modified_gmt":"2025-10-22T12:45:22","slug":"pokladna","status":"publish","type":"page","link":"https:\/\/itsmy.company\/en\/pokladna\/","title":{"rendered":"Checkout"},"content":{"rendered":"<div data-elementor-type=\"wp-page\" data-elementor-id=\"568\" class=\"elementor elementor-568\" data-elementor-post-type=\"page\">\n\t\t\t\t<div data-particle_enable=\"false\" data-particle-mobile-disabled=\"false\" class=\"elementor-element elementor-element-990d72c e-flex e-con-boxed e-con e-parent\" data-id=\"990d72c\" data-element_type=\"container\">\n\t\t\t\t\t<div class=\"e-con-inner\">\n\t\t\t\t<div class=\"elementor-element elementor-element-f7aa68b elementor-widget elementor-widget-eael-woo-checkout\" data-id=\"f7aa68b\" data-element_type=\"widget\" data-widget_type=\"eael-woo-checkout.default\">\n\t\t\t\t<div class=\"elementor-widget-container\">\n\t\t\t\t\t        <div data-checkout=\"{&quot;ea_woo_checkout_layout&quot;:&quot;multi-steps&quot;,&quot;ea_woo_checkout_table_header_text&quot;:&quot;yes&quot;,&quot;ea_woo_checkout_table_product_text&quot;:&quot;Produkt&quot;,&quot;ea_woo_checkout_table_quantity_text&quot;:&quot;Po\\u010det&quot;,&quot;ea_woo_checkout_table_price_text&quot;:&quot;Cena&quot;,&quot;ea_woo_checkout_shop_link&quot;:&quot;yes&quot;,&quot;ea_woo_checkout_shop_link_text&quot;:&quot;Pokra\\u010dova\\u0165 v nakupovan\\u00ed&quot;,&quot;ea_woo_checkout_table_subtotal_text&quot;:&quot;Medzis\\u00fa\\u010det&quot;,&quot;ea_woo_checkout_table_shipping_text&quot;:&quot;Doprava&quot;,&quot;ea_woo_checkout_table_total_text&quot;:&quot;Total&quot;,&quot;ea_woo_checkout_cart_update_enable&quot;:&quot;&quot;}\" class=\"ea-woo-checkout layout-multi-steps checkout-reorder-enabled\" data-checkout_ids=\"{&quot;billing&quot;:{&quot;billing_first_name&quot;:&quot;form-row-first&quot;,&quot;billing_last_name&quot;:&quot;form-row-last&quot;,&quot;billing_company&quot;:&quot;form-row-wide&quot;,&quot;billing_country&quot;:&quot;form-row-wide&quot;,&quot;billing_address_1&quot;:&quot;form-row-wide&quot;,&quot;billing_address_2&quot;:&quot;form-row-wide&quot;,&quot;billing_postcode&quot;:&quot;form-row-wide&quot;,&quot;billing_city&quot;:&quot;form-row-wide&quot;,&quot;billing_state&quot;:&quot;form-row-wide&quot;,&quot;billing_phone&quot;:&quot;form-row-wide&quot;,&quot;billing_email&quot;:&quot;form-row-wide&quot;,&quot;wi_as_company&quot;:&quot;form-row-wide&quot;,&quot;billing_company_wi_id&quot;:&quot;form-row-wide&quot;,&quot;billing_company_wi_vat&quot;:&quot;form-row-wide&quot;,&quot;billing_company_wi_tax&quot;:&quot;form-row-wide&quot;,&quot;billing_ic&quot;:&quot;form-row-wide woolab-ic-dic-no_spaces woolab-ic-dic-toggle&quot;,&quot;billing_dic&quot;:&quot;form-row-wide woolab-ic-dic-no_spaces woolab-ic-dic-toggle&quot;,&quot;billing_dic_dph&quot;:&quot;form-row-wide woolab-ic-dic-no_spaces woolab-ic-dic-toggle&quot;},&quot;shipping&quot;:{&quot;shipping_first_name&quot;:&quot;form-row-first&quot;,&quot;shipping_last_name&quot;:&quot;form-row-last&quot;,&quot;shipping_company&quot;:&quot;form-row-wide&quot;,&quot;shipping_country&quot;:&quot;form-row-wide&quot;,&quot;shipping_address_1&quot;:&quot;form-row-wide&quot;,&quot;shipping_address_2&quot;:&quot;form-row-wide&quot;,&quot;shipping_postcode&quot;:&quot;form-row-wide&quot;,&quot;shipping_city&quot;:&quot;form-row-wide&quot;,&quot;shipping_state&quot;:&quot;form-row-wide&quot;}}\" data-button_texts=\"{&quot;place_order&quot;:&quot;Odosla\\u0165 objedn\\u00e1vku&quot;}\">\n            <div type=\"text\/template\" id=\"eael-wc-billing-reordered-fields\">\n                <div class=\"eael-woo-billing-fields\"><\/div>\n            <\/div>\n            <div type=\"text\/template\" id=\"eael-wc-shipping-reordered-fields\">\n                <div class=\"eael-woo-shipping-fields\"><\/div>\n            <\/div>\n            <div class=\"woocommerce\">\n                <style>\n                    .woocommerce .blockUI.blockOverlay:before {\n                        background-image: url('\/var\/www\/itsmy.company\/wp-content\/plugins\/woocommerce\/assets\/images\/icons\/loader.svg') center center !important;\n                    }\n                <\/style>\n\t\t\t\t<div class=\"woocommerce-notices-wrapper\"><\/div>            <\/div>\n        <\/div>\n\t\t\t\t\t\t<\/div>\n\t\t\t\t<\/div>\n\t\t\t\t\t<\/div>\n\t\t\t\t<\/div>\n\t\t\t\t<\/div>","protected":false},"excerpt":{"rendered":"<p>Billing &amp; Shipping Payment Predch\u00e1dzaj\u00face \u010ealej Odosla\u0165 objedn\u00e1vku It&#8217;s podlo\u017eka 50x50cm&nbsp; &times;&nbsp;1 14,99&nbsp;&euro; Pokra\u010dova\u0165 v nakupovan\u00ed Medzis\u00fa\u010det 14,99&nbsp;&euro; Doprava Zadajte [&hellip;]<\/p>","protected":false},"author":1,"featured_media":0,"parent":0,"menu_order":0,"comment_status":"closed","ping_status":"closed","template":"","meta":{"site-sidebar-layout":"no-sidebar","site-content-layout":"","ast-site-content-layout":"full-width-container","site-content-style":"default","site-sidebar-style":"default","ast-global-header-display":"","ast-banner-title-visibility":"","ast-main-header-display":"","ast-hfb-above-header-display":"","ast-hfb-below-header-display":"","ast-hfb-mobile-header-display":"","site-post-title":"disabled","ast-breadcrumbs-content":"","ast-featured-img":"disabled","footer-sml-layout":"","theme-transparent-header-meta":"","adv-header-id-meta":"","stick-header-meta":"","header-above-stick-meta":"","header-main-stick-meta":"","header-below-stick-meta":"","astra-migrate-meta-layouts":"default","ast-page-background-enabled":"default","ast-page-background-meta":{"desktop":{"background-color":"var(--ast-global-color-5)","background-image":"","background-repeat":"repeat","background-position":"center center","background-size":"auto","background-attachment":"scroll","background-type":"","background-media":"","overlay-type":"","overlay-color":"","overlay-opacity":"","overlay-gradient":""},"tablet":{"background-color":"","background-image":"","background-repeat":"repeat","background-position":"center center","background-size":"auto","background-attachment":"scroll","background-type":"","background-media":"","overlay-type":"","overlay-color":"","overlay-opacity":"","overlay-gradient":""},"mobile":{"background-color":"","background-image":"","background-repeat":"repeat","background-position":"center center","background-size":"auto","background-attachment":"scroll","background-type":"","background-media":"","overlay-type":"","overlay-color":"","overlay-opacity":"","overlay-gradient":""}},"ast-content-background-meta":{"desktop":{"background-color":"var(--ast-global-color-4)","background-image":"","background-repeat":"repeat","background-position":"center center","background-size":"auto","background-attachment":"scroll","background-type":"","background-media":"","overlay-type":"","overlay-color":"","overlay-opacity":"","overlay-gradient":""},"tablet":{"background-color":"var(--ast-global-color-4)","background-image":"","background-repeat":"repeat","background-position":"center center","background-size":"auto","background-attachment":"scroll","background-type":"","background-media":"","overlay-type":"","overlay-color":"","overlay-opacity":"","overlay-gradient":""},"mobile":{"background-color":"var(--ast-global-color-4)","background-image":"","background-repeat":"repeat","background-position":"center center","background-size":"auto","background-attachment":"scroll","background-type":"","background-media":"","overlay-type":"","overlay-color":"","overlay-opacity":"","overlay-gradient":""}},"footnotes":""},"class_list":["post-568","page","type-page","status-publish","hentry"],"yoast_head":"<!-- This site is optimized with the Yoast SEO Premium plugin v24.9 (Yoast SEO v24.9) - https:\/\/yoast.com\/wordpress\/plugins\/seo\/ -->\n<title>Poklad\u0148a -<\/title>\n<meta name=\"robots\" content=\"index, follow, max-snippet:-1, max-image-preview:large, max-video-preview:-1\" \/>\n<link rel=\"canonical\" href=\"https:\/\/itsmy.company\/en\/pokladna\/\" \/>\n<meta property=\"og:locale\" content=\"en_US\" \/>\n<meta property=\"og:type\" content=\"article\" \/>\n<meta property=\"og:title\" content=\"Poklad\u0148a\" \/>\n<meta property=\"og:description\" content=\"Billing &amp; Shipping Payment Predch\u00e1dzaj\u00face \u010ealej Odosla\u0165 objedn\u00e1vku It&#8217;s podlo\u017eka 50x50cm&nbsp; &times;&nbsp;1 14,99&nbsp;&euro; Pokra\u010dova\u0165 v nakupovan\u00ed Medzis\u00fa\u010det 14,99&nbsp;&euro; Doprava Zadajte [&hellip;]\" \/>\n<meta property=\"og:url\" content=\"https:\/\/itsmy.company\/en\/pokladna\/\" \/>\n<meta property=\"article:modified_time\" content=\"2025-10-22T12:45:22+00:00\" \/>\n<meta property=\"og:image\" content=\"https:\/\/itsmy.company\/wp-content\/uploads\/2025\/08\/Podlozka-LOGOsmall-300x300.png\" \/>\n<meta name=\"twitter:card\" content=\"summary_large_image\" \/>\n<meta name=\"twitter:label1\" content=\"Est. reading time\" \/>\n\t<meta name=\"twitter:data1\" content=\"6 minutes\" \/>\n<script type=\"application\/ld+json\" class=\"yoast-schema-graph\">{\"@context\":\"https:\/\/schema.org\",\"@graph\":[{\"@type\":\"WebPage\",\"@id\":\"https:\/\/itsmy.company\/pokladna\/\",\"url\":\"https:\/\/itsmy.company\/pokladna\/\",\"name\":\"Poklad\u0148a -\",\"isPartOf\":{\"@id\":\"https:\/\/itsmy.company\/#website\"},\"primaryImageOfPage\":{\"@id\":\"https:\/\/itsmy.company\/pokladna\/#primaryimage\"},\"image\":{\"@id\":\"https:\/\/itsmy.company\/pokladna\/#primaryimage\"},\"thumbnailUrl\":\"https:\/\/itsmy.company\/wp-content\/uploads\/2025\/08\/Podlozka-LOGOsmall-300x300.png\",\"datePublished\":\"2025-09-17T13:54:19+00:00\",\"dateModified\":\"2025-10-22T12:45:22+00:00\",\"breadcrumb\":{\"@id\":\"https:\/\/itsmy.company\/pokladna\/#breadcrumb\"},\"inLanguage\":\"en-US\",\"potentialAction\":[{\"@type\":\"ReadAction\",\"target\":[\"https:\/\/itsmy.company\/pokladna\/\"]}]},{\"@type\":\"ImageObject\",\"inLanguage\":\"en-US\",\"@id\":\"https:\/\/itsmy.company\/pokladna\/#primaryimage\",\"url\":\"https:\/\/itsmy.company\/wp-content\/uploads\/2025\/08\/Podlozka-LOGOsmall-300x300.png\",\"contentUrl\":\"https:\/\/itsmy.company\/wp-content\/uploads\/2025\/08\/Podlozka-LOGOsmall-300x300.png\"},{\"@type\":\"BreadcrumbList\",\"@id\":\"https:\/\/itsmy.company\/pokladna\/#breadcrumb\",\"itemListElement\":[{\"@type\":\"ListItem\",\"position\":1,\"name\":\"Home\",\"item\":\"https:\/\/itsmy.company\/\"},{\"@type\":\"ListItem\",\"position\":2,\"name\":\"Poklad\u0148a\"}]},{\"@type\":\"WebSite\",\"@id\":\"https:\/\/itsmy.company\/#website\",\"url\":\"https:\/\/itsmy.company\/\",\"name\":\"\",\"description\":\"\",\"potentialAction\":[{\"@type\":\"SearchAction\",\"target\":{\"@type\":\"EntryPoint\",\"urlTemplate\":\"https:\/\/itsmy.company\/?s={search_term_string}\"},\"query-input\":{\"@type\":\"PropertyValueSpecification\",\"valueRequired\":true,\"valueName\":\"search_term_string\"}}],\"inLanguage\":\"en-US\"}]}<\/script>\n<!-- \/ Yoast SEO Premium plugin. -->","yoast_head_json":{"title":"Poklad\u0148a -","robots":{"index":"index","follow":"follow","max-snippet":"max-snippet:-1","max-image-preview":"max-image-preview:large","max-video-preview":"max-video-preview:-1"},"canonical":"https:\/\/itsmy.company\/en\/pokladna\/","og_locale":"en_US","og_type":"article","og_title":"Poklad\u0148a","og_description":"Billing &amp; Shipping Payment Predch\u00e1dzaj\u00face \u010ealej Odosla\u0165 objedn\u00e1vku It&#8217;s podlo\u017eka 50x50cm&nbsp; &times;&nbsp;1 14,99&nbsp;&euro; Pokra\u010dova\u0165 v nakupovan\u00ed Medzis\u00fa\u010det 14,99&nbsp;&euro; Doprava Zadajte [&hellip;]","og_url":"https:\/\/itsmy.company\/en\/pokladna\/","article_modified_time":"2025-10-22T12:45:22+00:00","og_image":[{"url":"https:\/\/itsmy.company\/wp-content\/uploads\/2025\/08\/Podlozka-LOGOsmall-300x300.png","type":"","width":"","height":""}],"twitter_card":"summary_large_image","twitter_misc":{"Est. reading time":"6 minutes"},"schema":{"@context":"https:\/\/schema.org","@graph":[{"@type":"WebPage","@id":"https:\/\/itsmy.company\/pokladna\/","url":"https:\/\/itsmy.company\/pokladna\/","name":"Poklad\u0148a -","isPartOf":{"@id":"https:\/\/itsmy.company\/#website"},"primaryImageOfPage":{"@id":"https:\/\/itsmy.company\/pokladna\/#primaryimage"},"image":{"@id":"https:\/\/itsmy.company\/pokladna\/#primaryimage"},"thumbnailUrl":"https:\/\/itsmy.company\/wp-content\/uploads\/2025\/08\/Podlozka-LOGOsmall-300x300.png","datePublished":"2025-09-17T13:54:19+00:00","dateModified":"2025-10-22T12:45:22+00:00","breadcrumb":{"@id":"https:\/\/itsmy.company\/pokladna\/#breadcrumb"},"inLanguage":"en-US","potentialAction":[{"@type":"ReadAction","target":["https:\/\/itsmy.company\/pokladna\/"]}]},{"@type":"ImageObject","inLanguage":"en-US","@id":"https:\/\/itsmy.company\/pokladna\/#primaryimage","url":"https:\/\/itsmy.company\/wp-content\/uploads\/2025\/08\/Podlozka-LOGOsmall-300x300.png","contentUrl":"https:\/\/itsmy.company\/wp-content\/uploads\/2025\/08\/Podlozka-LOGOsmall-300x300.png"},{"@type":"BreadcrumbList","@id":"https:\/\/itsmy.company\/pokladna\/#breadcrumb","itemListElement":[{"@type":"ListItem","position":1,"name":"Home","item":"https:\/\/itsmy.company\/"},{"@type":"ListItem","position":2,"name":"Poklad\u0148a"}]},{"@type":"WebSite","@id":"https:\/\/itsmy.company\/#website","url":"https:\/\/itsmy.company\/","name":"","description":"","potentialAction":[{"@type":"SearchAction","target":{"@type":"EntryPoint","urlTemplate":"https:\/\/itsmy.company\/?s={search_term_string}"},"query-input":{"@type":"PropertyValueSpecification","valueRequired":true,"valueName":"search_term_string"}}],"inLanguage":"en-US"}]}},"_links":{"self":[{"href":"https:\/\/itsmy.company\/en\/wp-json\/wp\/v2\/pages\/568","targetHints":{"allow":["GET"]}}],"collection":[{"href":"https:\/\/itsmy.company\/en\/wp-json\/wp\/v2\/pages"}],"about":[{"href":"https:\/\/itsmy.company\/en\/wp-json\/wp\/v2\/types\/page"}],"author":[{"embeddable":true,"href":"https:\/\/itsmy.company\/en\/wp-json\/wp\/v2\/users\/1"}],"replies":[{"embeddable":true,"href":"https:\/\/itsmy.company\/en\/wp-json\/wp\/v2\/comments?post=568"}],"version-history":[{"count":24,"href":"https:\/\/itsmy.company\/en\/wp-json\/wp\/v2\/pages\/568\/revisions"}],"predecessor-version":[{"id":652,"href":"https:\/\/itsmy.company\/en\/wp-json\/wp\/v2\/pages\/568\/revisions\/652"}],"wp:attachment":[{"href":"https:\/\/itsmy.company\/en\/wp-json\/wp\/v2\/media?parent=568"}],"curies":[{"name":"wp","href":"https:\/\/api.w.org\/{rel}","templated":true}]}}