{"id":498,"date":"2025-08-07T20:45:54","date_gmt":"2025-08-07T20:45:54","guid":{"rendered":"https:\/\/itsmy.company\/?page_id=498"},"modified":"2025-09-28T21:13:05","modified_gmt":"2025-09-28T21:13:05","slug":"kosik","status":"publish","type":"page","link":"https:\/\/itsmy.company\/en\/kosik\/","title":{"rendered":"Cart"},"content":{"rendered":"<div data-elementor-type=\"wp-page\" data-elementor-id=\"498\" class=\"elementor elementor-498\" data-elementor-post-type=\"page\">\n\t\t\t\t<div data-particle_enable=\"false\" data-particle-mobile-disabled=\"false\" class=\"elementor-element elementor-element-8265e75 e-flex e-con-boxed e-con e-parent\" data-id=\"8265e75\" data-element_type=\"container\">\n\t\t\t\t\t<div class=\"e-con-inner\">\n\t\t\t\t<div class=\"elementor-element elementor-element-fef3f04 elementor-widget elementor-widget-eael-woo-cart\" data-id=\"fef3f04\" data-element_type=\"widget\" data-settings=\"{&quot;eael_woo_cart_components_continue_shopping_icon&quot;:{&quot;value&quot;:&quot;far fa-arrow-alt-circle-left&quot;,&quot;library&quot;:&quot;fa-regular&quot;},&quot;eael_woo_cart_table_components_remove_icon&quot;:{&quot;value&quot;:&quot;fas fa-times&quot;,&quot;library&quot;:&quot;fa-solid&quot;}}\" data-widget_type=\"eael-woo-cart.default\">\n\t\t\t\t<div class=\"elementor-widget-container\">\n\t\t\t\t\t\t\t\t\t<div class=\"eael-woo-cart-wrapper eael-woo-cart-empty eael-woo-style-2 eael-auto-update33\">\n\t\t\t\t<div class=\"woocommerce-notices-wrapper\"><\/div><div class=\"wc-empty-cart-message\">\n\t<div class=\"cart-empty woocommerce-info\" role=\"status\">\n\t\tOh no, your cart \ud83d\ude2b it's empty \ud83d\ude41\t<\/div>\n<\/div>                <\/div>\n\t\t\t\t        <script>document.body.classList.add(\"eael-woo-cart\");<\/script>\n\t\t\t\t\t\t<\/div>\n\t\t\t\t<\/div>\n\t\t\t\t\t<\/div>\n\t\t\t\t<\/div>\n\t\t\t\t<\/div>","protected":false},"excerpt":{"rendered":"<p>Odstr\u00e1ni\u0165 v\u0161etko Produkt Cena Po\u010det Medzis\u00fa\u010det It&#8217;s podlo\u017eka 50x50cm #8582000066603 9,99&nbsp;&euro; mno\u017estvo It&#039;s podlo\u017eka 50x50cm 9,99&nbsp;&euro; Coupon: Pou\u017ei\u0165 k\u00f3d Pokra\u010dova\u0165 [&hellip;]<\/p>","protected":false},"author":1,"featured_media":0,"parent":0,"menu_order":0,"comment_status":"closed","ping_status":"closed","template":"elementor_header_footer","meta":{"site-sidebar-layout":"no-sidebar","site-content-layout":"","ast-site-content-layout":"full-width-container","site-content-style":"default","site-sidebar-style":"default","ast-global-header-display":"","ast-banner-title-visibility":"","ast-main-header-display":"","ast-hfb-above-header-display":"","ast-hfb-below-header-display":"","ast-hfb-mobile-header-display":"","site-post-title":"disabled","ast-breadcrumbs-content":"","ast-featured-img":"disabled","footer-sml-layout":"","theme-transparent-header-meta":"","adv-header-id-meta":"","stick-header-meta":"","header-above-stick-meta":"","header-main-stick-meta":"","header-below-stick-meta":"","astra-migrate-meta-layouts":"default","ast-page-background-enabled":"default","ast-page-background-meta":{"desktop":{"background-color":"var(--ast-global-color-5)","background-image":"","background-repeat":"repeat","background-position":"center center","background-size":"auto","background-attachment":"scroll","background-type":"","background-media":"","overlay-type":"","overlay-color":"","overlay-opacity":"","overlay-gradient":""},"tablet":{"background-color":"","background-image":"","background-repeat":"repeat","background-position":"center center","background-size":"auto","background-attachment":"scroll","background-type":"","background-media":"","overlay-type":"","overlay-color":"","overlay-opacity":"","overlay-gradient":""},"mobile":{"background-color":"","background-image":"","background-repeat":"repeat","background-position":"center center","background-size":"auto","background-attachment":"scroll","background-type":"","background-media":"","overlay-type":"","overlay-color":"","overlay-opacity":"","overlay-gradient":""}},"ast-content-background-meta":{"desktop":{"background-color":"var(--ast-global-color-4)","background-image":"","background-repeat":"repeat","background-position":"center center","background-size":"auto","background-attachment":"scroll","background-type":"","background-media":"","overlay-type":"","overlay-color":"","overlay-opacity":"","overlay-gradient":""},"tablet":{"background-color":"var(--ast-global-color-4)","background-image":"","background-repeat":"repeat","background-position":"center center","background-size":"auto","background-attachment":"scroll","background-type":"","background-media":"","overlay-type":"","overlay-color":"","overlay-opacity":"","overlay-gradient":""},"mobile":{"background-color":"var(--ast-global-color-4)","background-image":"","background-repeat":"repeat","background-position":"center center","background-size":"auto","background-attachment":"scroll","background-type":"","background-media":"","overlay-type":"","overlay-color":"","overlay-opacity":"","overlay-gradient":""}},"footnotes":""},"class_list":["post-498","page","type-page","status-publish","hentry"],"yoast_head":"<!-- This site is optimized with the Yoast SEO Premium plugin v24.9 (Yoast SEO v24.9) - https:\/\/yoast.com\/wordpress\/plugins\/seo\/ -->\n<title>Ko\u0161\u00edk -<\/title>\n<meta name=\"robots\" content=\"index, follow, max-snippet:-1, max-image-preview:large, max-video-preview:-1\" \/>\n<link rel=\"canonical\" href=\"https:\/\/itsmy.company\/en\/kosik\/\" \/>\n<meta property=\"og:locale\" content=\"en_US\" \/>\n<meta property=\"og:type\" content=\"article\" \/>\n<meta property=\"og:title\" content=\"Ko\u0161\u00edk\" \/>\n<meta property=\"og:description\" content=\"Odstr\u00e1ni\u0165 v\u0161etko Produkt Cena Po\u010det Medzis\u00fa\u010det It&#8217;s podlo\u017eka 50x50cm #8582000066603 9,99&nbsp;&euro; mno\u017estvo It&#039;s podlo\u017eka 50x50cm 9,99&nbsp;&euro; Coupon: Pou\u017ei\u0165 k\u00f3d Pokra\u010dova\u0165 [&hellip;]\" \/>\n<meta property=\"og:url\" content=\"https:\/\/itsmy.company\/en\/kosik\/\" \/>\n<meta property=\"article:modified_time\" content=\"2025-09-28T21:13:05+00:00\" \/>\n<meta property=\"og:image\" content=\"https:\/\/itsmy.company\/wp-content\/uploads\/2025\/05\/100x50polozka_2000px-300x300.png\" \/>\n<meta name=\"twitter:card\" content=\"summary_large_image\" \/>\n<meta name=\"twitter:label1\" content=\"Est. reading time\" \/>\n\t<meta name=\"twitter:data1\" content=\"1 minute\" \/>\n<script type=\"application\/ld+json\" class=\"yoast-schema-graph\">{\"@context\":\"https:\/\/schema.org\",\"@graph\":[{\"@type\":\"WebPage\",\"@id\":\"https:\/\/itsmy.company\/kosik\/\",\"url\":\"https:\/\/itsmy.company\/kosik\/\",\"name\":\"Ko\u0161\u00edk -\",\"isPartOf\":{\"@id\":\"https:\/\/itsmy.company\/#website\"},\"primaryImageOfPage\":{\"@id\":\"https:\/\/itsmy.company\/kosik\/#primaryimage\"},\"image\":{\"@id\":\"https:\/\/itsmy.company\/kosik\/#primaryimage\"},\"thumbnailUrl\":\"https:\/\/itsmy.company\/wp-content\/uploads\/2025\/05\/100x50polozka_2000px-300x300.png\",\"datePublished\":\"2025-08-07T20:45:54+00:00\",\"dateModified\":\"2025-09-28T21:13:05+00:00\",\"breadcrumb\":{\"@id\":\"https:\/\/itsmy.company\/kosik\/#breadcrumb\"},\"inLanguage\":\"en-US\",\"potentialAction\":[{\"@type\":\"ReadAction\",\"target\":[\"https:\/\/itsmy.company\/kosik\/\"]}]},{\"@type\":\"ImageObject\",\"inLanguage\":\"en-US\",\"@id\":\"https:\/\/itsmy.company\/kosik\/#primaryimage\",\"url\":\"https:\/\/itsmy.company\/wp-content\/uploads\/2025\/05\/100x50polozka_2000px-300x300.png\",\"contentUrl\":\"https:\/\/itsmy.company\/wp-content\/uploads\/2025\/05\/100x50polozka_2000px-300x300.png\"},{\"@type\":\"BreadcrumbList\",\"@id\":\"https:\/\/itsmy.company\/kosik\/#breadcrumb\",\"itemListElement\":[{\"@type\":\"ListItem\",\"position\":1,\"name\":\"Home\",\"item\":\"https:\/\/itsmy.company\/\"},{\"@type\":\"ListItem\",\"position\":2,\"name\":\"Ko\u0161\u00edk\"}]},{\"@type\":\"WebSite\",\"@id\":\"https:\/\/itsmy.company\/#website\",\"url\":\"https:\/\/itsmy.company\/\",\"name\":\"\",\"description\":\"\",\"potentialAction\":[{\"@type\":\"SearchAction\",\"target\":{\"@type\":\"EntryPoint\",\"urlTemplate\":\"https:\/\/itsmy.company\/?s={search_term_string}\"},\"query-input\":{\"@type\":\"PropertyValueSpecification\",\"valueRequired\":true,\"valueName\":\"search_term_string\"}}],\"inLanguage\":\"en-US\"}]}<\/script>\n<!-- \/ Yoast SEO Premium plugin. -->","yoast_head_json":{"title":"Ko\u0161\u00edk -","robots":{"index":"index","follow":"follow","max-snippet":"max-snippet:-1","max-image-preview":"max-image-preview:large","max-video-preview":"max-video-preview:-1"},"canonical":"https:\/\/itsmy.company\/en\/kosik\/","og_locale":"en_US","og_type":"article","og_title":"Ko\u0161\u00edk","og_description":"Odstr\u00e1ni\u0165 v\u0161etko Produkt Cena Po\u010det Medzis\u00fa\u010det It&#8217;s podlo\u017eka 50x50cm #8582000066603 9,99&nbsp;&euro; mno\u017estvo It&#039;s podlo\u017eka 50x50cm 9,99&nbsp;&euro; Coupon: Pou\u017ei\u0165 k\u00f3d Pokra\u010dova\u0165 [&hellip;]","og_url":"https:\/\/itsmy.company\/en\/kosik\/","article_modified_time":"2025-09-28T21:13:05+00:00","og_image":[{"url":"https:\/\/itsmy.company\/wp-content\/uploads\/2025\/05\/100x50polozka_2000px-300x300.png","type":"","width":"","height":""}],"twitter_card":"summary_large_image","twitter_misc":{"Est. reading time":"1 minute"},"schema":{"@context":"https:\/\/schema.org","@graph":[{"@type":"WebPage","@id":"https:\/\/itsmy.company\/kosik\/","url":"https:\/\/itsmy.company\/kosik\/","name":"Ko\u0161\u00edk -","isPartOf":{"@id":"https:\/\/itsmy.company\/#website"},"primaryImageOfPage":{"@id":"https:\/\/itsmy.company\/kosik\/#primaryimage"},"image":{"@id":"https:\/\/itsmy.company\/kosik\/#primaryimage"},"thumbnailUrl":"https:\/\/itsmy.company\/wp-content\/uploads\/2025\/05\/100x50polozka_2000px-300x300.png","datePublished":"2025-08-07T20:45:54+00:00","dateModified":"2025-09-28T21:13:05+00:00","breadcrumb":{"@id":"https:\/\/itsmy.company\/kosik\/#breadcrumb"},"inLanguage":"en-US","potentialAction":[{"@type":"ReadAction","target":["https:\/\/itsmy.company\/kosik\/"]}]},{"@type":"ImageObject","inLanguage":"en-US","@id":"https:\/\/itsmy.company\/kosik\/#primaryimage","url":"https:\/\/itsmy.company\/wp-content\/uploads\/2025\/05\/100x50polozka_2000px-300x300.png","contentUrl":"https:\/\/itsmy.company\/wp-content\/uploads\/2025\/05\/100x50polozka_2000px-300x300.png"},{"@type":"BreadcrumbList","@id":"https:\/\/itsmy.company\/kosik\/#breadcrumb","itemListElement":[{"@type":"ListItem","position":1,"name":"Home","item":"https:\/\/itsmy.company\/"},{"@type":"ListItem","position":2,"name":"Ko\u0161\u00edk"}]},{"@type":"WebSite","@id":"https:\/\/itsmy.company\/#website","url":"https:\/\/itsmy.company\/","name":"","description":"","potentialAction":[{"@type":"SearchAction","target":{"@type":"EntryPoint","urlTemplate":"https:\/\/itsmy.company\/?s={search_term_string}"},"query-input":{"@type":"PropertyValueSpecification","valueRequired":true,"valueName":"search_term_string"}}],"inLanguage":"en-US"}]}},"_links":{"self":[{"href":"https:\/\/itsmy.company\/en\/wp-json\/wp\/v2\/pages\/498","targetHints":{"allow":["GET"]}}],"collection":[{"href":"https:\/\/itsmy.company\/en\/wp-json\/wp\/v2\/pages"}],"about":[{"href":"https:\/\/itsmy.company\/en\/wp-json\/wp\/v2\/types\/page"}],"author":[{"embeddable":true,"href":"https:\/\/itsmy.company\/en\/wp-json\/wp\/v2\/users\/1"}],"replies":[{"embeddable":true,"href":"https:\/\/itsmy.company\/en\/wp-json\/wp\/v2\/comments?post=498"}],"version-history":[{"count":62,"href":"https:\/\/itsmy.company\/en\/wp-json\/wp\/v2\/pages\/498\/revisions"}],"predecessor-version":[{"id":617,"href":"https:\/\/itsmy.company\/en\/wp-json\/wp\/v2\/pages\/498\/revisions\/617"}],"wp:attachment":[{"href":"https:\/\/itsmy.company\/en\/wp-json\/wp\/v2\/media?parent=498"}],"curies":[{"name":"wp","href":"https:\/\/api.w.org\/{rel}","templated":true}]}}